{"id":11212,"date":"2024-04-09T16:42:00","date_gmt":"2024-04-09T14:42:00","guid":{"rendered":"https:\/\/www.lucandrieux.com\/?post_type=product&#038;p=11212"},"modified":"2025-09-25T14:51:43","modified_gmt":"2025-09-25T12:51:43","slug":"pintura-original-arte-contemporaneo-paisaje-abstracto-alquimia-3-20-x-20-x-1-6-cm","status":"publish","type":"product","link":"https:\/\/www.lucandrieux.com\/es\/obra\/pintura-original-arte-contemporaneo-paisaje-abstracto-alquimia-3-20-x-20-x-1-6-cm\/","title":{"rendered":"Alquimia 3 <span>20 x 20 x 1.6 cm<\/span>"},"content":{"rendered":"<p>En mi trabajo, siempre intento transmitir una especie de verdad profunda que desaf\u00ede a la mente. Los colores, la luz y los materiales se unen en los paisajes para evocar la evasi\u00f3n y la libertad, ambas correlacionadas con el deseo de un mundo so\u00f1ado y fantaseado.<\/p>\n","protected":false},"excerpt":{"rendered":"<p class=\"medium\">Acr\u00edlico sobre lienzo<\/p>\n<p class=\"dimensions\">20 x 20 x 1.6 cm<\/p>\n<p class=\"livraison\">Entrega gratuita<\/p>\n<p class=\"btn-retour\"><a class=\"la-lien\" href=\"https:\/\/www.lucandrieux.com\/es\/horizontes\/\">Volver<\/a><\/p>\n","protected":false},"featured_media":4885,"template":"","meta":{"advanced_seo_description":"","jetpack_seo_html_title":"","jetpack_seo_noindex":false},"product_brand":[],"product_cat":[236],"product_tag":[319,283,424,340,270,331,500,298,239],"class_list":{"0":"post-11212","1":"product","2":"type-product","3":"status-publish","4":"has-post-thumbnail","6":"product_cat-categoria-horizontes-es","7":"product_tag-ano-2023-es","8":"product_tag-obras-en-venta-es","9":"product_tag-formato-20-x-20-cm-es","10":"product_tag-orientacion-cuadrada-es","11":"product_tag-precio-500e-es","12":"product_tag-serie-horizontes-es","13":"product_tag-soporte-lienzo-es","14":"product_tag-talla-mini-es","15":"product_tag-tecnica-acrilica-es","17":"first","18":"instock","19":"sold-individually","20":"shipping-taxable","21":"purchasable","22":"product-type-simple"},"jetpack_sharing_enabled":true,"_links":{"self":[{"href":"https:\/\/www.lucandrieux.com\/es\/wp-json\/wp\/v2\/product\/11212","targetHints":{"allow":["GET"]}}],"collection":[{"href":"https:\/\/www.lucandrieux.com\/es\/wp-json\/wp\/v2\/product"}],"about":[{"href":"https:\/\/www.lucandrieux.com\/es\/wp-json\/wp\/v2\/types\/product"}],"wp:featuredmedia":[{"embeddable":true,"href":"https:\/\/www.lucandrieux.com\/es\/wp-json\/wp\/v2\/media\/4885"}],"wp:attachment":[{"href":"https:\/\/www.lucandrieux.com\/es\/wp-json\/wp\/v2\/media?parent=11212"}],"wp:term":[{"taxonomy":"product_brand","embeddable":true,"href":"https:\/\/www.lucandrieux.com\/es\/wp-json\/wp\/v2\/product_brand?post=11212"},{"taxonomy":"product_cat","embeddable":true,"href":"https:\/\/www.lucandrieux.com\/es\/wp-json\/wp\/v2\/product_cat?post=11212"},{"taxonomy":"product_tag","embeddable":true,"href":"https:\/\/www.lucandrieux.com\/es\/wp-json\/wp\/v2\/product_tag?post=11212"}],"curies":[{"name":"wp","href":"https:\/\/api.w.org\/{rel}","templated":true}]}}