{"id":2023,"date":"2024-02-10T20:57:37","date_gmt":"2024-02-10T19:57:37","guid":{"rendered":"https:\/\/www.lucandrieux.com\/?post_type=product&#038;p=2023"},"modified":"2025-04-08T12:47:10","modified_gmt":"2025-04-08T10:47:10","slug":"pintura-original-arte-contemporaneo-paisaje-abstracto-atraccion-2-89-x-116-x-1-6-cm","status":"publish","type":"product","link":"https:\/\/www.lucandrieux.com\/es\/obra\/pintura-original-arte-contemporaneo-paisaje-abstracto-atraccion-2-89-x-116-x-1-6-cm\/","title":{"rendered":"Atracci\u00f3n 2 <span>89 x 116 x 1.6 cm<\/span>"},"content":{"rendered":"<p>En mi trabajo, siempre intento transmitir una especie de verdad profunda que desaf\u00ede a la mente. Los colores, la luz y los materiales se unen en los paisajes para evocar la evasi\u00f3n y la libertad, ambas correlacionadas con el deseo de un mundo so\u00f1ado y fantaseado.<\/p>\n","protected":false},"excerpt":{"rendered":"<p class=\"medium\">Acr\u00edlico sobre lienzo<\/p>\n<p class=\"dimensions\">89 x 116 x 1.6 cm<\/p>\n<p class=\"livraison\">Entrega gratuita<\/p>\n<p class=\"btn-retour\"><a class=\"la-lien\" href=\"https:\/\/www.lucandrieux.com\/es\/eter\/\">Volver<\/a><\/p>\n","protected":false},"featured_media":16913,"template":"","meta":{"advanced_seo_description":"","jetpack_seo_html_title":"","jetpack_seo_noindex":false},"product_brand":[],"product_cat":[237],"product_tag":[319,283,402,341,268,329,500,300,239],"class_list":{"0":"post-2023","1":"product","2":"type-product","3":"status-publish","4":"has-post-thumbnail","6":"product_cat-categoria-de-eter-es","7":"product_tag-ano-2023-es","8":"product_tag-obras-en-venta-es","9":"product_tag-formato-89-x-116-cm-es","10":"product_tag-orientacion-horizontal-es","11":"product_tag-precio-1000e-2000e-es","12":"product_tag-serie-eter-es","13":"product_tag-soporte-lienzo-es","14":"product_tag-talla-medio-es","15":"product_tag-tecnica-acrilica-es","17":"first","18":"instock","19":"sold-individually","20":"shipping-taxable","21":"purchasable","22":"product-type-simple"},"jetpack_sharing_enabled":true,"_links":{"self":[{"href":"https:\/\/www.lucandrieux.com\/es\/wp-json\/wp\/v2\/product\/2023","targetHints":{"allow":["GET"]}}],"collection":[{"href":"https:\/\/www.lucandrieux.com\/es\/wp-json\/wp\/v2\/product"}],"about":[{"href":"https:\/\/www.lucandrieux.com\/es\/wp-json\/wp\/v2\/types\/product"}],"wp:featuredmedia":[{"embeddable":true,"href":"https:\/\/www.lucandrieux.com\/es\/wp-json\/wp\/v2\/media\/16913"}],"wp:attachment":[{"href":"https:\/\/www.lucandrieux.com\/es\/wp-json\/wp\/v2\/media?parent=2023"}],"wp:term":[{"taxonomy":"product_brand","embeddable":true,"href":"https:\/\/www.lucandrieux.com\/es\/wp-json\/wp\/v2\/product_brand?post=2023"},{"taxonomy":"product_cat","embeddable":true,"href":"https:\/\/www.lucandrieux.com\/es\/wp-json\/wp\/v2\/product_cat?post=2023"},{"taxonomy":"product_tag","embeddable":true,"href":"https:\/\/www.lucandrieux.com\/es\/wp-json\/wp\/v2\/product_tag?post=2023"}],"curies":[{"name":"wp","href":"https:\/\/api.w.org\/{rel}","templated":true}]}}